{"id":893,"date":"2018-08-04T04:09:11","date_gmt":"2018-08-04T04:09:11","guid":{"rendered":"https:\/\/integrativewellnessandmovement.com\/iwmbasicscience\/?page_id=893"},"modified":"2018-08-04T04:09:11","modified_gmt":"2018-08-04T04:09:11","slug":"medical-terminology-index","status":"publish","type":"page","link":"https:\/\/integrativewellnessandmovement.com\/iwmbasicscience\/medical-terminology-index\/","title":{"rendered":"MEDICAL TERMINOLOGY INDEX"},"content":{"rendered":"<div class=\"pt-cv-wrapper\"><div class=\"pt-cv-view pt-cv-grid pt-cv-colsys\" id=\"pt-cv-view-9ddcac318d\"><div data-id=\"pt-cv-page-1\" class=\"pt-cv-page\" data-cvc=\"2\"><div class=\"col-md-6 col-sm-6 col-xs-12 pt-cv-content-item pt-cv-1-col\" ><div class='pt-cv-ifield'><a href=\"https:\/\/integrativewellnessandmovement.com\/iwmbasicscience\/medicalerminology\/medical-terminology-abbreviations\/\" class=\"_self pt-cv-href-thumbnail pt-cv-thumb-default\" target=\"_self\" ><\/a>\n<h4 class=\"pt-cv-title\"><a href=\"https:\/\/integrativewellnessandmovement.com\/iwmbasicscience\/medicalerminology\/medical-terminology-abbreviations\/\" class=\"_self\" target=\"_self\" >Medical Terminology: Abbreviations<\/a><\/h4>\n<div class=\"pt-cv-content\">Download this worksheet here. \u0101: before \u0101\u0101: of each abd: abdomen ABG: arterial blood gas ac: before meals ACLS: advanced ...<br \/><div class=\"pt-cv-rmwrap\"><a href=\"https:\/\/integrativewellnessandmovement.com\/iwmbasicscience\/medicalerminology\/medical-terminology-abbreviations\/\" class=\"_self pt-cv-readmore btn btn-success\" target=\"_self\">Read More<\/a><\/div><\/div><\/div><\/div>\n<div class=\"col-md-6 col-sm-6 col-xs-12 pt-cv-content-item pt-cv-1-col\" ><div class='pt-cv-ifield'><a href=\"https:\/\/integrativewellnessandmovement.com\/iwmbasicscience\/medicalerminology\/medical-terminology-anatomicalposition\/\" class=\"_self pt-cv-href-thumbnail pt-cv-thumb-default\" target=\"_self\" ><\/a>\n<h4 class=\"pt-cv-title\"><a href=\"https:\/\/integrativewellnessandmovement.com\/iwmbasicscience\/medicalerminology\/medical-terminology-anatomicalposition\/\" class=\"_self\" target=\"_self\" >Medical Terminology: Anatomical Position<\/a><\/h4>\n<div class=\"pt-cv-content\">Download this worksheet here. Cephalic: head Cervical: neck Cranial: skull Facial: face Frontal: forehead Temporal: temples Orbital or ocular: eye ...<br \/><div class=\"pt-cv-rmwrap\"><a href=\"https:\/\/integrativewellnessandmovement.com\/iwmbasicscience\/medicalerminology\/medical-terminology-anatomicalposition\/\" class=\"_self pt-cv-readmore btn btn-success\" target=\"_self\">Read More<\/a><\/div><\/div><\/div><\/div>\n<div class=\"col-md-6 col-sm-6 col-xs-12 pt-cv-content-item pt-cv-1-col\" ><div class='pt-cv-ifield'><a href=\"https:\/\/integrativewellnessandmovement.com\/iwmbasicscience\/medicalerminology\/07282018bone-surface-features\/\" class=\"_self pt-cv-href-thumbnail pt-cv-thumb-default\" target=\"_self\" ><\/a>\n<h4 class=\"pt-cv-title\"><a href=\"https:\/\/integrativewellnessandmovement.com\/iwmbasicscience\/medicalerminology\/07282018bone-surface-features\/\" class=\"_self\" target=\"_self\" >Medical Terminology: Bone Surface Features<\/a><\/h4>\n<div class=\"pt-cv-content\">Download this worksheet here. Bone surface descriptors (form) also give us clues to their function. Depressions and\/or openings allow the ...<br \/><div class=\"pt-cv-rmwrap\"><a href=\"https:\/\/integrativewellnessandmovement.com\/iwmbasicscience\/medicalerminology\/07282018bone-surface-features\/\" class=\"_self pt-cv-readmore btn btn-success\" target=\"_self\">Read More<\/a><\/div><\/div><\/div><\/div>\n<div class=\"col-md-6 col-sm-6 col-xs-12 pt-cv-content-item pt-cv-1-col\" ><div class='pt-cv-ifield'><a href=\"https:\/\/integrativewellnessandmovement.com\/iwmbasicscience\/medicalerminology\/medical-terminology-directionspositions\/\" class=\"_self pt-cv-href-thumbnail pt-cv-thumb-default\" target=\"_self\" ><\/a>\n<h4 class=\"pt-cv-title\"><a href=\"https:\/\/integrativewellnessandmovement.com\/iwmbasicscience\/medicalerminology\/medical-terminology-directionspositions\/\" class=\"_self\" target=\"_self\" >Medical Terminology: Directions and positions<\/a><\/h4>\n<div class=\"pt-cv-content\">Download this worksheet here. afferent: carry nerve impulses from receptors in periphery toward the CNS anterior: in front of asymmetrical: ...<br \/><div class=\"pt-cv-rmwrap\"><a href=\"https:\/\/integrativewellnessandmovement.com\/iwmbasicscience\/medicalerminology\/medical-terminology-directionspositions\/\" class=\"_self pt-cv-readmore btn btn-success\" target=\"_self\">Read More<\/a><\/div><\/div><\/div><\/div>\n<div class=\"col-md-6 col-sm-6 col-xs-12 pt-cv-content-item pt-cv-1-col\" ><div class='pt-cv-ifield'><a href=\"https:\/\/integrativewellnessandmovement.com\/iwmbasicscience\/medicalerminology\/medical-terminology-namingmuscles\/\" class=\"_self pt-cv-href-thumbnail pt-cv-thumb-default\" target=\"_self\" ><\/a>\n<h4 class=\"pt-cv-title\"><a href=\"https:\/\/integrativewellnessandmovement.com\/iwmbasicscience\/medicalerminology\/medical-terminology-namingmuscles\/\" class=\"_self\" target=\"_self\" >Medical Terminology: Naming muscles<\/a><\/h4>\n<div class=\"pt-cv-content\">Download this worksheet here. Rectus: parallel to midline. Transverse: perpendicular to midline. Oblique: diagonal to midline. Maximus: largest. Medius: intermediate ...<br \/><div class=\"pt-cv-rmwrap\"><a href=\"https:\/\/integrativewellnessandmovement.com\/iwmbasicscience\/medicalerminology\/medical-terminology-namingmuscles\/\" class=\"_self pt-cv-readmore btn btn-success\" target=\"_self\">Read More<\/a><\/div><\/div><\/div><\/div>\n<div class=\"col-md-6 col-sm-6 col-xs-12 pt-cv-content-item pt-cv-1-col\" ><div class='pt-cv-ifield'><a href=\"https:\/\/integrativewellnessandmovement.com\/iwmbasicscience\/medicalerminology\/medical-terminology-prefixes\/\" class=\"_self pt-cv-href-thumbnail pt-cv-thumb-default\" target=\"_self\" ><\/a>\n<h4 class=\"pt-cv-title\"><a href=\"https:\/\/integrativewellnessandmovement.com\/iwmbasicscience\/medicalerminology\/medical-terminology-prefixes\/\" class=\"_self\" target=\"_self\" >Medical Terminology: Prefixes<\/a><\/h4>\n<div class=\"pt-cv-content\">Download this worksheet here. a\/an:\u00a0without, lack of ab: away from abdomi: referring to abdomen acro: an extremity ad: to, toward ...<br \/><div class=\"pt-cv-rmwrap\"><a href=\"https:\/\/integrativewellnessandmovement.com\/iwmbasicscience\/medicalerminology\/medical-terminology-prefixes\/\" class=\"_self pt-cv-readmore btn btn-success\" target=\"_self\">Read More<\/a><\/div><\/div><\/div><\/div>\n<div class=\"col-md-6 col-sm-6 col-xs-12 pt-cv-content-item pt-cv-1-col\" ><div class='pt-cv-ifield'><a href=\"https:\/\/integrativewellnessandmovement.com\/iwmbasicscience\/medicalerminology\/medical-terminology-roots\/\" class=\"_self pt-cv-href-thumbnail pt-cv-thumb-default\" target=\"_self\" ><\/a>\n<h4 class=\"pt-cv-title\"><a href=\"https:\/\/integrativewellnessandmovement.com\/iwmbasicscience\/medicalerminology\/medical-terminology-roots\/\" class=\"_self\" target=\"_self\" >Medical Terminology: Roots<\/a><\/h4>\n<div class=\"pt-cv-content\">Download this worksheet here. abdomi: referring to abdomen acou: hear adip:\u00a0fat adeno: referring to gland alb: white alges: pain andr: ...<br \/><div class=\"pt-cv-rmwrap\"><a href=\"https:\/\/integrativewellnessandmovement.com\/iwmbasicscience\/medicalerminology\/medical-terminology-roots\/\" class=\"_self pt-cv-readmore btn btn-success\" target=\"_self\">Read More<\/a><\/div><\/div><\/div><\/div>\n<div class=\"col-md-6 col-sm-6 col-xs-12 pt-cv-content-item pt-cv-1-col\" ><div class='pt-cv-ifield'><a href=\"https:\/\/integrativewellnessandmovement.com\/iwmbasicscience\/medicalerminology\/medical-terminology-suffixes\/\" class=\"_self pt-cv-href-thumbnail pt-cv-thumb-default\" target=\"_self\" ><\/a>\n<h4 class=\"pt-cv-title\"><a href=\"https:\/\/integrativewellnessandmovement.com\/iwmbasicscience\/medicalerminology\/medical-terminology-suffixes\/\" class=\"_self\" target=\"_self\" >Medical Terminology: Suffixes<\/a><\/h4>\n<div class=\"pt-cv-content\">Download this worksheet here. able: capable of, having ability to algia: referring to pain ac, al: pertaining to asis, asia, ...<br \/><div class=\"pt-cv-rmwrap\"><a href=\"https:\/\/integrativewellnessandmovement.com\/iwmbasicscience\/medicalerminology\/medical-terminology-suffixes\/\" class=\"_self pt-cv-readmore btn btn-success\" target=\"_self\">Read More<\/a><\/div><\/div><\/div><\/div><\/div><\/div><\/div>\n","protected":false},"excerpt":{"rendered":"","protected":false},"author":1,"featured_media":0,"parent":0,"menu_order":0,"comment_status":"closed","ping_status":"closed","template":"","meta":{"footnotes":""},"class_list":["post-893","page","type-page","status-publish","hentry"],"_links":{"self":[{"href":"https:\/\/integrativewellnessandmovement.com\/iwmbasicscience\/wp-json\/wp\/v2\/pages\/893","targetHints":{"allow":["GET"]}}],"collection":[{"href":"https:\/\/integrativewellnessandmovement.com\/iwmbasicscience\/wp-json\/wp\/v2\/pages"}],"about":[{"href":"https:\/\/integrativewellnessandmovement.com\/iwmbasicscience\/wp-json\/wp\/v2\/types\/page"}],"author":[{"embeddable":true,"href":"https:\/\/integrativewellnessandmovement.com\/iwmbasicscience\/wp-json\/wp\/v2\/users\/1"}],"replies":[{"embeddable":true,"href":"https:\/\/integrativewellnessandmovement.com\/iwmbasicscience\/wp-json\/wp\/v2\/comments?post=893"}],"version-history":[{"count":2,"href":"https:\/\/integrativewellnessandmovement.com\/iwmbasicscience\/wp-json\/wp\/v2\/pages\/893\/revisions"}],"predecessor-version":[{"id":896,"href":"https:\/\/integrativewellnessandmovement.com\/iwmbasicscience\/wp-json\/wp\/v2\/pages\/893\/revisions\/896"}],"wp:attachment":[{"href":"https:\/\/integrativewellnessandmovement.com\/iwmbasicscience\/wp-json\/wp\/v2\/media?parent=893"}],"curies":[{"name":"wp","href":"https:\/\/api.w.org\/{rel}","templated":true}]}}